{"id":28639,"date":"2020-09-17T09:16:07","date_gmt":"2020-09-17T13:16:07","guid":{"rendered":"https:\/\/driveinpaint.com\/noticias-y-consejos\/"},"modified":"2025-03-08T10:16:06","modified_gmt":"2025-03-08T15:16:06","slug":"noticias-y-consejos","status":"publish","type":"page","link":"https:\/\/driveinpaint.com\/es\/noticias-y-consejos\/","title":{"rendered":"Noticias y consejos"},"content":{"rendered":"<p><\/p>\n<!--themify_builder_content-->\n<div id=\"themify_builder_content-28639\" data-postid=\"28639\" class=\"themify_builder_content themify_builder_content-28639 themify_builder tf_clear\">\n    \t\t\t<!-- module_row -->\n\t<div  data-lazy=\"1\" class=\"module_row themify_builder_row tb_zaow797 tb_first tf_w tf_clearfix\">\n\t    <div class=\"builder_row_cover tf_abs\"><\/div>\t\t\t<div class=\"row_inner col_align_top tb_col_count_1 tf_box tf_rel\">\n\t\t            <div  data-lazy=\"1\" class=\"module_column tb-column col-full tb_jsaq799 first\">\n                                                        <div class=\"tb-column-inner tf_box tf_w\">\n                        <!-- module fancy heading -->\n<div  class=\"module module-fancy-heading tb_b93e800  tb_hide_divider\" data-lazy=\"1\">\n        <h1 class=\"fancy-heading tf_textc\">\n    <span class=\"main-head tf_block\">\n\t\t\t\t\tConsejos - Ideas - Noticias\t\t    <\/span>\n\n\t\n    <span class=\"sub-head tf_block tf_rel\">\n\t\t\t\t\t\t\t    <\/span>\n    <\/h1>\n<\/div>\n<!-- \/module fancy heading -->\n<!-- module image -->\n<div  class=\"module module-image tb_o9uy800   image-center tf_mw\" data-lazy=\"1\">\n        <div class=\"image-wrap tf_rel tf_mw\">\n\t\t    <img loading=\"lazy\" decoding=\"async\" width=\"300\" height=\"27\" src=\"https:\/\/driveinpaint.com\/wp-content\/uploads\/2020\/03\/roller-divider.png\" class=\"wp-post-image wp-image-28498\" title=\"Divisor de Rodillos\" alt=\"Pinturas\">\t\n\t\t<\/div>\n\t<!-- \/image-wrap -->\n    \n    \t<\/div>\n<!-- \/module image -->                    <\/div>\n                            <\/div>\n            \t    <\/div>\n\t    <!-- \/row_inner -->\n\t<\/div>\n\t<!-- \/module_row -->\n\t\t\t\t<!-- module_row -->\n\t<div  data-css_id=\"4gdo798\" data-lazy=\"1\" class=\"module_row themify_builder_row fullwidth tb_4gdo798 tf_w tf_clearfix\">\n\t    \t\t\t<div class=\"row_inner col_align_top tb_col_count_1 tf_box tf_rel\">\n\t\t            <div  data-lazy=\"1\" class=\"module_column tb-column col-full tb_1f3y820 first\">\n                                                        <div class=\"tb-column-inner tf_box tf_w\">\n                        <!-- module post -->\n<div  class=\"module module-post tb_qegv800 \">\n        <div  class=\"builder-posts-wrap loops-wrapper grid3 masonry classic tf_rel tf_clear tf_clearfix\" data-lazy=\"1\">\n\t<article id=\"post-29649\" class=\"post tf_clearfix post-29649 type-post status-publish format-standard hentry category-sin-categoria has-post-title no-post-date has-post-category has-post-tag has-post-comment has-post-author \">\n\t    \n\t\t<div class=\"post-content\">\n\t\t<div class=\"post-content-inner\">\n\n\t\t\t\n\t\t\t<h2 class=\"post-title entry-title\"><a href=\"https:\/\/driveinpaint.com\/es\/jornadas-de-apreciacion-del-pintor\/\">JORNADAS DE PINTURA con BEN MOORE<\/a><\/h2>\n\t\t\t\n\t\t\t\n\t\t\t\t<div class=\"entry-content\">\n\n        \n\t\t<p>D\u00edas de Agradecimiento al Contratistaen Drive In Paint 6 de abril Dorchester 730-1030 am13 de abril Dedham 730-1030 am15 de abril Canton 730-1030 am16 de abril Abington 730-1030 am22 de abril South Boston 730-1030 am\u00a1No te lo pierdas!<\/p>\n\n\t\t\n\t    \n\t<\/div><!-- \/.entry-content -->\n\t\n\t\t<\/div>\n\t\t<!-- \/.post-content-inner -->\n\t<\/div>\n\t<!-- \/.post-content -->\n\t\n<\/article>\n<!-- \/.post -->\n<article id=\"post-29629\" class=\"post tf_clearfix post-29629 type-post status-publish format-standard hentry category-sin-categoria has-post-title no-post-date has-post-category has-post-tag has-post-comment has-post-author \">\n\t    \n\t\t<div class=\"post-content\">\n\t\t<div class=\"post-content-inner\">\n\n\t\t\t\n\t\t\t<h2 class=\"post-title entry-title\"><a href=\"https:\/\/driveinpaint.com\/es\/consejos-para-proyectos-de-invierno\/\">Consejos para proyectos de invierno<\/a><\/h2>\n\t\t\t\n\t\t\t\n\t\t\t\t<div class=\"entry-content\">\n\n        \n\t\t<p>Abordar un proyecto de pintura de interiores durante el invierno es, en realidad, una decisi\u00f3n brillante. Mientras la mayor\u00eda de la gente espera la \u00abperfecta\u00bb brisa primaveral, los pintores profesionales suelen preferir el invierno porque el aire es mucho m\u00e1s seco. Los bajos niveles de humedad hacen que la pintura se adhiera y se seque [&hellip;]<\/p>\n\n\t\t\n\t    \n\t<\/div><!-- \/.entry-content -->\n\t\n\t\t<\/div>\n\t\t<!-- \/.post-content-inner -->\n\t<\/div>\n\t<!-- \/.post-content -->\n\t\n<\/article>\n<!-- \/.post -->\n<article id=\"post-28479\" class=\"post tf_clearfix post-28479 type-post status-publish format-standard hentry category-sin-categoria has-post-title no-post-date has-post-category has-post-tag has-post-comment has-post-author \">\n\t    \n\t\t<div class=\"post-content\">\n\t\t<div class=\"post-content-inner\">\n\n\t\t\t\n\t\t\t<h2 class=\"post-title entry-title\"><a href=\"https:\/\/driveinpaint.com\/es\/elegir-la-calidad-pintura\/\">Elegir la calidad &#8211; Pintura<\/a><\/h2>\n\t\t\t\n\t\t\t\n\t\t\t\t<div class=\"entry-content\">\n\n        \n\t\t<p>Al elegir una marca de pintura de calidad para el hogar, ten en cuenta los siguientes factores para garantizar la durabilidad, el aspecto y la facilidad de uso:Durabilidad: Busca pinturas que ofrezcan una protecci\u00f3n duradera, sobre todo las de exterior, que deben resistir la intemperie, los rayos UV, la humedad y el moho. Las pinturas [&hellip;]<\/p>\n\n\t\t\n\t    \n\t<\/div><!-- \/.entry-content -->\n\t\n\t\t<\/div>\n\t\t<!-- \/.post-content-inner -->\n\t<\/div>\n\t<!-- \/.post-content -->\n\t\n<\/article>\n<!-- \/.post -->\n<article id=\"post-28487\" class=\"post tf_clearfix post-28487 type-post status-publish format-standard hentry category-sin-categoria has-post-title no-post-date has-post-category has-post-tag has-post-comment has-post-author \">\n\t    \n\t\t<div class=\"post-content\">\n\t\t<div class=\"post-content-inner\">\n\n\t\t\t\n\t\t\t<h2 class=\"post-title entry-title\"><a href=\"https:\/\/driveinpaint.com\/es\/grandes-proyectos\/\">Grandes proyectos<\/a><\/h2>\n\t\t\t\n\t\t\t\n\t\t\t\t<div class=\"entry-content\">\n\n        \n\t\t<p>Los Grandes Proyectos generan Grandes Beneficios, pero planifica, planifica.Este proyecto de muestra: Sustituci\u00f3n de ventanas &#8211; utilizar ventanas de nueva construcci\u00f3n frente a \u00abventanas de sustituci\u00f3n\u00bb Las de nueva construcci\u00f3n son la mejor opci\u00f3n, ya que no reducen la entrada de luz, pero hay que recortar y pintar un poco m\u00e1s. \u00bfAlguien ha dicho \u00abpintura\u00bb? [&hellip;]<\/p>\n\n\t\t\n\t    \n\t<\/div><!-- \/.entry-content -->\n\t\n\t\t<\/div>\n\t\t<!-- \/.post-content-inner -->\n\t<\/div>\n\t<!-- \/.post-content -->\n\t\n<\/article>\n<!-- \/.post -->\n<article id=\"post-28482\" class=\"post tf_clearfix post-28482 type-post status-publish format-standard hentry category-sin-categoria has-post-title no-post-date has-post-category has-post-tag has-post-comment has-post-author \">\n\t    \n\t\t<div class=\"post-content\">\n\t\t<div class=\"post-content-inner\">\n\n\t\t\t\n\t\t\t<h2 class=\"post-title entry-title\"><a href=\"https:\/\/driveinpaint.com\/es\/pintura-vs-tinte-cuando-y-donde\/\">Pintura vs Tinte &#8211; cu\u00e1ndo y d\u00f3nde<\/a><\/h2>\n\t\t\t\n\t\t\t\n\t\t\t\t<div class=\"entry-content\">\n\n        \n\t\t<p>Pintar:Caracter\u00edsticas:Cobertura: La pintura forma una capa s\u00f3lida y opaca sobre la superficie, ocultando por completo el material subyacente.Durabilidad: La pintura suele ser m\u00e1s duradera y ofrece mejor protecci\u00f3n contra la intemperie y los rayos UV.Variedad: Disponible en una amplia gama de colores y acabados (mate, satinado, brillante).Mantenimiento: Las superficies pintadas pueden desconcharse o pelarse con [&hellip;]<\/p>\n\n\t\t\n\t    \n\t<\/div><!-- \/.entry-content -->\n\t\n\t\t<\/div>\n\t\t<!-- \/.post-content-inner -->\n\t<\/div>\n\t<!-- \/.post-content -->\n\t\n<\/article>\n<!-- \/.post -->\n<article id=\"post-28489\" class=\"post tf_clearfix post-28489 type-post status-publish format-standard hentry category-sin-categoria has-post-title no-post-date has-post-category has-post-tag has-post-comment has-post-author \">\n\t    \n\t\t<div class=\"post-content\">\n\t\t<div class=\"post-content-inner\">\n\n\t\t\t\n\t\t\t<h2 class=\"post-title entry-title\"><a href=\"https:\/\/driveinpaint.com\/es\/consejos-profesionales-de-pintura\/\">Consejos profesionales de pintura<\/a><\/h2>\n\t\t\t\n\t\t\t\n\t\t\t\t<div class=\"entry-content\">\n\n        \n\t\t<p>Compra de pintura: Empieza por comprometerte con un color. Si no te has comprometido con un color, compra primero un litro en lugar de una gran cantidad. Comprar pintura en grandes cantidades antes de tiempo es demasiado caro como para arriesgarse. Pinta un trozo de cart\u00f3n pluma y mu\u00e9velo por la habitaci\u00f3n para ver c\u00f3mo [&hellip;]<\/p>\n\n\t\t\n\t    \n\t<\/div><!-- \/.entry-content -->\n\t\n\t\t<\/div>\n\t\t<!-- \/.post-content-inner -->\n\t<\/div>\n\t<!-- \/.post-content -->\n\t\n<\/article>\n<!-- \/.post -->\n<article id=\"post-28478\" class=\"post tf_clearfix post-28478 type-post status-publish format-standard hentry category-sin-categoria has-post-title no-post-date has-post-category has-post-tag has-post-comment has-post-author \">\n\t    \n\t\t<div class=\"post-content\">\n\t\t<div class=\"post-content-inner\">\n\n\t\t\t\n\t\t\t<h2 class=\"post-title entry-title\"><a href=\"https:\/\/driveinpaint.com\/es\/los-mejores-consejos-de-ben-moore-para-pintar\/\">Los mejores consejos de Ben Moore para pintar<\/a><\/h2>\n\t\t\t\n\t\t\t\n\t\t\t\t<div class=\"entry-content\">\n\n        \n\t\t<p>Prepara la superficieLimpia las paredes con agua tibia y una esponja, elimina el moho e impr\u00edmelas.Selecciona las herramientas adecuadasNecesitar\u00e1s una funda de rodillo y un mango de alta calidad, una sart\u00e9n, una alargadera y una escalera de mano.Corte en la habitaci\u00f3nUtiliza una brocha angular de faja de 21\u20442 pulgadas para pintar a lo largo de [&hellip;]<\/p>\n\n\t\t\n\t    \n\t<\/div><!-- \/.entry-content -->\n\t\n\t\t<\/div>\n\t\t<!-- \/.post-content-inner -->\n\t<\/div>\n\t<!-- \/.post-content -->\n\t\n<\/article>\n<!-- \/.post -->\n<article id=\"post-28484\" class=\"post tf_clearfix post-28484 type-post status-publish format-standard hentry category-sin-categoria has-post-title no-post-date has-post-category has-post-tag has-post-comment has-post-author \">\n\t    \n\t\t<div class=\"post-content\">\n\t\t<div class=\"post-content-inner\">\n\n\t\t\t\n\t\t\t<h2 class=\"post-title entry-title\"><a href=\"https:\/\/driveinpaint.com\/es\/tendencias-de-color-2024\/\">TENDENCIAS DE COLOR 2024<\/a><\/h2>\n\t\t\t\n\t\t\t\n\t\t\t\t<div class=\"entry-content\">\n\n        \n\t\t<p>Febrero es un gran mes para proyectos si tienes libre el D\u00eda del Presidente o incluso toda la semana y no te apetece esquiar. \u00a1Hay ayuda disponible! En caso de duda, utiliza el recurso m\u00e1s fiable a tu alcance para que te ayude a ordenar tus ideas y te gu\u00ede hacia la perfecci\u00f3n. En primer [&hellip;]<\/p>\n\n\t\t\n\t    \n\t<\/div><!-- \/.entry-content -->\n\t\n\t\t<\/div>\n\t\t<!-- \/.post-content-inner -->\n\t<\/div>\n\t<!-- \/.post-content -->\n\t\n<\/article>\n<!-- \/.post -->\n<article id=\"post-28625\" class=\"post tf_clearfix post-28625 type-post status-publish format-standard hentry category-sin-categoria has-post-title no-post-date has-post-category has-post-tag has-post-comment has-post-author \">\n\t    \n\t\t<div class=\"post-content\">\n\t\t<div class=\"post-content-inner\">\n\n\t\t\t\n\t\t\t<h2 class=\"post-title entry-title\"><a href=\"https:\/\/driveinpaint.com\/es\/splash-de-entrada-frontal\/\">Splash de entrada frontal<\/a><\/h2>\n\t\t\t\n\t\t\t\n\t\t\t\t<div class=\"entry-content\">\n\n        \n\t\t<p>Color de la puerta principalIdeas e inspiraci\u00f3n M\u00e1s informaci\u00f3n \u00bfListo para pintar tu puerta principal? Sea cual sea el estilo y el color que elijas, Benjamin Moore est\u00e1 aqu\u00ed para guiarte hacia un tono perfecto que te encantar\u00e1 durante a\u00f1os. Un nuevo color para la puerta de entrada es la forma perfecta de dar la [&hellip;]<\/p>\n\n\t\t\n\t    \n\t<\/div><!-- \/.entry-content -->\n\t\n\t\t<\/div>\n\t\t<!-- \/.post-content-inner -->\n\t<\/div>\n\t<!-- \/.post-content -->\n\t\n<\/article>\n<!-- \/.post -->\n<\/div><!-- .builder-posts-wrap -->\n    <\/div>\n    <!-- \/module post -->\n                    <\/div>\n                            <\/div>\n            \t    <\/div>\n\t    <!-- \/row_inner -->\n\t<\/div>\n\t<!-- \/module_row -->\n\t<\/div>\n<!--\/themify_builder_content-->","protected":false},"excerpt":{"rendered":"","protected":false},"author":12,"featured_media":0,"parent":0,"menu_order":0,"comment_status":"closed","ping_status":"closed","template":"","meta":{"footnotes":""},"class_list":["post-28639","page","type-page","status-publish","hentry","has-post-title","has-post-date","has-post-category","has-post-tag","has-post-comment","has-post-author",""],"yoast_head":"<!-- This site is optimized with the Yoast SEO Premium plugin v27.3 (Yoast SEO v27.4) - https:\/\/yoast.com\/product\/yoast-seo-premium-wordpress\/ -->\n<title>Noticias y consejos - Drive-In Paint Mart<\/title>\n<meta name=\"description\" content=\"noticias sobre pintura consejos pintura ideas entrada principal consejos benjamin moore Cabot tinte Aura Coronado Pintura pulverizadores\" \/>\n<meta name=\"robots\" content=\"index, follow, max-snippet:-1, max-image-preview:large, max-video-preview:-1\" \/>\n<link rel=\"canonical\" href=\"https:\/\/driveinpaint.com\/es\/noticias-y-consejos\/\" \/>\n<meta property=\"og:locale\" content=\"es_ES\" \/>\n<meta property=\"og:type\" content=\"article\" \/>\n<meta property=\"og:title\" content=\"Noticias y consejos\" \/>\n<meta property=\"og:description\" content=\"noticias sobre pintura consejos pintura ideas entrada principal consejos benjamin moore Cabot tinte Aura Coronado Pintura pulverizadores\" \/>\n<meta property=\"og:url\" content=\"https:\/\/driveinpaint.com\/es\/noticias-y-consejos\/\" \/>\n<meta property=\"og:site_name\" content=\"Drive-In Paint Mart\" \/>\n<meta property=\"article:publisher\" content=\"https:\/\/www.facebook.com\/Drive-In-Paint-Mart-154686967904084\/\" \/>\n<meta property=\"article:modified_time\" content=\"2025-03-08T15:16:06+00:00\" \/>\n<meta name=\"twitter:card\" content=\"summary_large_image\" \/>\n<script type=\"application\/ld+json\" class=\"yoast-schema-graph\">{\"@context\":\"https:\\\/\\\/schema.org\",\"@graph\":[{\"@type\":\"WebPage\",\"@id\":\"https:\\\/\\\/driveinpaint.com\\\/es\\\/noticias-y-consejos\\\/\",\"url\":\"https:\\\/\\\/driveinpaint.com\\\/es\\\/noticias-y-consejos\\\/\",\"name\":\"Noticias y consejos - Drive-In Paint Mart\",\"isPartOf\":{\"@id\":\"https:\\\/\\\/driveinpaint.com\\\/#website\"},\"datePublished\":\"2020-09-17T13:16:07+00:00\",\"dateModified\":\"2025-03-08T15:16:06+00:00\",\"description\":\"noticias sobre pintura consejos pintura ideas entrada principal consejos benjamin moore Cabot tinte Aura Coronado Pintura pulverizadores\",\"breadcrumb\":{\"@id\":\"https:\\\/\\\/driveinpaint.com\\\/es\\\/noticias-y-consejos\\\/#breadcrumb\"},\"inLanguage\":\"es\",\"potentialAction\":[{\"@type\":\"ReadAction\",\"target\":[\"https:\\\/\\\/driveinpaint.com\\\/es\\\/noticias-y-consejos\\\/\"]}]},{\"@type\":\"BreadcrumbList\",\"@id\":\"https:\\\/\\\/driveinpaint.com\\\/es\\\/noticias-y-consejos\\\/#breadcrumb\",\"itemListElement\":[{\"@type\":\"ListItem\",\"position\":1,\"name\":\"Home\",\"item\":\"https:\\\/\\\/driveinpaint.com\\\/es\\\/inicio\\\/\"},{\"@type\":\"ListItem\",\"position\":2,\"name\":\"Noticias y consejos\"}]},{\"@type\":\"WebSite\",\"@id\":\"https:\\\/\\\/driveinpaint.com\\\/#website\",\"url\":\"https:\\\/\\\/driveinpaint.com\\\/\",\"name\":\"Drive-In Paint Mart\",\"description\":\"\",\"publisher\":{\"@id\":\"https:\\\/\\\/driveinpaint.com\\\/#organization\"},\"potentialAction\":[{\"@type\":\"SearchAction\",\"target\":{\"@type\":\"EntryPoint\",\"urlTemplate\":\"https:\\\/\\\/driveinpaint.com\\\/?s={search_term_string}\"},\"query-input\":{\"@type\":\"PropertyValueSpecification\",\"valueRequired\":true,\"valueName\":\"search_term_string\"}}],\"inLanguage\":\"es\"},{\"@type\":\"Organization\",\"@id\":\"https:\\\/\\\/driveinpaint.com\\\/#organization\",\"name\":\"Drive In Paint Mart\",\"url\":\"https:\\\/\\\/driveinpaint.com\\\/\",\"logo\":{\"@type\":\"ImageObject\",\"inLanguage\":\"es\",\"@id\":\"https:\\\/\\\/driveinpaint.com\\\/#\\\/schema\\\/logo\\\/image\\\/\",\"url\":\"https:\\\/\\\/driveinpaint.com\\\/wp-content\\\/uploads\\\/2020\\\/03\\\/drive-in-paint-logo.png\",\"contentUrl\":\"https:\\\/\\\/driveinpaint.com\\\/wp-content\\\/uploads\\\/2020\\\/03\\\/drive-in-paint-logo.png\",\"width\":366,\"height\":113,\"caption\":\"Drive In Paint Mart\"},\"image\":{\"@id\":\"https:\\\/\\\/driveinpaint.com\\\/#\\\/schema\\\/logo\\\/image\\\/\"},\"sameAs\":[\"https:\\\/\\\/www.facebook.com\\\/Drive-In-Paint-Mart-154686967904084\\\/\"]}]}<\/script>\n<!-- \/ Yoast SEO Premium plugin. -->","yoast_head_json":{"title":"Noticias y consejos - Drive-In Paint Mart","description":"noticias sobre pintura consejos pintura ideas entrada principal consejos benjamin moore Cabot tinte Aura Coronado Pintura pulverizadores","robots":{"index":"index","follow":"follow","max-snippet":"max-snippet:-1","max-image-preview":"max-image-preview:large","max-video-preview":"max-video-preview:-1"},"canonical":"https:\/\/driveinpaint.com\/es\/noticias-y-consejos\/","og_locale":"es_ES","og_type":"article","og_title":"Noticias y consejos","og_description":"noticias sobre pintura consejos pintura ideas entrada principal consejos benjamin moore Cabot tinte Aura Coronado Pintura pulverizadores","og_url":"https:\/\/driveinpaint.com\/es\/noticias-y-consejos\/","og_site_name":"Drive-In Paint Mart","article_publisher":"https:\/\/www.facebook.com\/Drive-In-Paint-Mart-154686967904084\/","article_modified_time":"2025-03-08T15:16:06+00:00","twitter_card":"summary_large_image","schema":{"@context":"https:\/\/schema.org","@graph":[{"@type":"WebPage","@id":"https:\/\/driveinpaint.com\/es\/noticias-y-consejos\/","url":"https:\/\/driveinpaint.com\/es\/noticias-y-consejos\/","name":"Noticias y consejos - Drive-In Paint Mart","isPartOf":{"@id":"https:\/\/driveinpaint.com\/#website"},"datePublished":"2020-09-17T13:16:07+00:00","dateModified":"2025-03-08T15:16:06+00:00","description":"noticias sobre pintura consejos pintura ideas entrada principal consejos benjamin moore Cabot tinte Aura Coronado Pintura pulverizadores","breadcrumb":{"@id":"https:\/\/driveinpaint.com\/es\/noticias-y-consejos\/#breadcrumb"},"inLanguage":"es","potentialAction":[{"@type":"ReadAction","target":["https:\/\/driveinpaint.com\/es\/noticias-y-consejos\/"]}]},{"@type":"BreadcrumbList","@id":"https:\/\/driveinpaint.com\/es\/noticias-y-consejos\/#breadcrumb","itemListElement":[{"@type":"ListItem","position":1,"name":"Home","item":"https:\/\/driveinpaint.com\/es\/inicio\/"},{"@type":"ListItem","position":2,"name":"Noticias y consejos"}]},{"@type":"WebSite","@id":"https:\/\/driveinpaint.com\/#website","url":"https:\/\/driveinpaint.com\/","name":"Drive-In Paint Mart","description":"","publisher":{"@id":"https:\/\/driveinpaint.com\/#organization"},"potentialAction":[{"@type":"SearchAction","target":{"@type":"EntryPoint","urlTemplate":"https:\/\/driveinpaint.com\/?s={search_term_string}"},"query-input":{"@type":"PropertyValueSpecification","valueRequired":true,"valueName":"search_term_string"}}],"inLanguage":"es"},{"@type":"Organization","@id":"https:\/\/driveinpaint.com\/#organization","name":"Drive In Paint Mart","url":"https:\/\/driveinpaint.com\/","logo":{"@type":"ImageObject","inLanguage":"es","@id":"https:\/\/driveinpaint.com\/#\/schema\/logo\/image\/","url":"https:\/\/driveinpaint.com\/wp-content\/uploads\/2020\/03\/drive-in-paint-logo.png","contentUrl":"https:\/\/driveinpaint.com\/wp-content\/uploads\/2020\/03\/drive-in-paint-logo.png","width":366,"height":113,"caption":"Drive In Paint Mart"},"image":{"@id":"https:\/\/driveinpaint.com\/#\/schema\/logo\/image\/"},"sameAs":["https:\/\/www.facebook.com\/Drive-In-Paint-Mart-154686967904084\/"]}]}},"builder_content":"<h1>Consejos - Ideas - Noticias<br\/><\/h1>\n<img src=\"https:\/\/driveinpaint.com\/wp-content\/uploads\/2020\/03\/roller-divider.png\" title=\"Divisor de Rodillos\" alt=\"Pinturas\">","_links":{"self":[{"href":"https:\/\/driveinpaint.com\/es\/wp-json\/wp\/v2\/pages\/28639","targetHints":{"allow":["GET"]}}],"collection":[{"href":"https:\/\/driveinpaint.com\/es\/wp-json\/wp\/v2\/pages"}],"about":[{"href":"https:\/\/driveinpaint.com\/es\/wp-json\/wp\/v2\/types\/page"}],"author":[{"embeddable":true,"href":"https:\/\/driveinpaint.com\/es\/wp-json\/wp\/v2\/users\/12"}],"replies":[{"embeddable":true,"href":"https:\/\/driveinpaint.com\/es\/wp-json\/wp\/v2\/comments?post=28639"}],"version-history":[{"count":3,"href":"https:\/\/driveinpaint.com\/es\/wp-json\/wp\/v2\/pages\/28639\/revisions"}],"predecessor-version":[{"id":28745,"href":"https:\/\/driveinpaint.com\/es\/wp-json\/wp\/v2\/pages\/28639\/revisions\/28745"}],"wp:attachment":[{"href":"https:\/\/driveinpaint.com\/es\/wp-json\/wp\/v2\/media?parent=28639"}],"curies":[{"name":"wp","href":"https:\/\/api.w.org\/{rel}","templated":true}]}}