{"id":28655,"date":"2020-11-01T18:08:09","date_gmt":"2020-11-01T23:08:09","guid":{"rendered":"https:\/\/driveinpaint.com\/boston-sur-ma\/"},"modified":"2026-01-20T16:35:46","modified_gmt":"2026-01-20T21:35:46","slug":"boston-sur-ma","status":"publish","type":"page","link":"https:\/\/driveinpaint.com\/es\/boston-sur-ma\/","title":{"rendered":"Boston Sur, MA"},"content":{"rendered":"<!--themify_builder_content-->\n<div id=\"themify_builder_content-28655\" data-postid=\"28655\" class=\"themify_builder_content themify_builder_content-28655 themify_builder tf_clear\">\n    \t\t\t<!-- module_row -->\n\t<div  data-lazy=\"1\" class=\"module_row themify_builder_row tb_uegj495 tb_first tf_w tf_clearfix\">\n\t    \t\t\t<div class=\"row_inner col_align_top tb_col_count_2 tf_box tf_rel\">\n\t\t            <div  data-lazy=\"1\" class=\"module_column tb-column col4-2 tb_veth496 first\">\n                                                        <div class=\"tb-column-inner tf_box tf_w\">\n                        <!-- module text -->\n<div  class=\"module module-text tb_0idm497   \" data-lazy=\"1\">\n        <div  class=\"tb_text_wrap\">\n    <h1 style=\"text-align: center;\"><a href=\"https:\/\/driveinpaint.com\/wp-content\/uploads\/2025\/09\/BM.png\"><img loading=\"lazy\" decoding=\"async\" class=\"alignnone size-medium wp-image-29376\" src=\"https:\/\/driveinpaint.com\/wp-content\/uploads\/2025\/09\/BM-300x52.png\" alt=\"\" width=\"300\" height=\"52\" srcset=\"https:\/\/driveinpaint.com\/wp-content\/uploads\/2025\/09\/BM-300x52.png 300w, https:\/\/driveinpaint.com\/wp-content\/uploads\/2025\/09\/BM-1024x177.png 1024w, https:\/\/driveinpaint.com\/wp-content\/uploads\/2025\/09\/BM-768x132.png 768w, https:\/\/driveinpaint.com\/wp-content\/uploads\/2025\/09\/BM-1536x265.png 1536w, https:\/\/driveinpaint.com\/wp-content\/uploads\/2025\/09\/BM-24x4.png 24w, https:\/\/driveinpaint.com\/wp-content\/uploads\/2025\/09\/BM-36x6.png 36w, https:\/\/driveinpaint.com\/wp-content\/uploads\/2025\/09\/BM-48x8.png 48w, https:\/\/driveinpaint.com\/wp-content\/uploads\/2025\/09\/BM.png 1624w\" sizes=\"auto, (max-width: 300px) 100vw, 300px\" \/><\/a><br>Sur de Boston<\/h1>\n<p style=\"text-align: left;\">South Boston es un barrio de Boston, MA. Est\u00e1 densamente poblado, con una poblaci\u00f3n hist\u00f3ricamente irlandesa-americana que se ha ido diversificando en los \u00faltimos a\u00f1os al convertirse en una zona popular para vivir para los j\u00f3venes profesionales que trabajan en la ciudad. Con unos 35.000 habitantes, el barrio est\u00e1 lleno de residentes que necesitan nuestros servicios de remodelaci\u00f3n exterior. Llevamos transformando casas en la zona de South Boston desde 1957.<\/p>\n<p style=\"text-align: left;\"><span style=\"text-align: center;\">La pintura y los productos de pintura como Benjamin Moore tienen una gran demanda debido a la antig\u00fcedad de la ciudad y, por tanto, de los edificios, tanto comerciales como residenciales. Los revestimientos de paredes y los tratamientos y modas para ventanas, como persianas, contraventanas y estores, tambi\u00e9n tienen una gran demanda: pintura Boston. <\/span><\/p>\n<p class=\"p1\" style=\"text-align: left;\"><span class=\"s1\">Regala <\/span><a href=\"http:\/\/driveinpaint.com\"><span class=\"s2\" style=\"color: #ff0000;\">Paint Mart<\/span><\/a><span class=\"s1\"> \u00a1hoy mismo! <\/span><\/p>\n<h1>617-464-1263<\/h1>\n<p>Ir a Benjamin Moore directo <a href=\"https:\/\/shop.driveinpaint.com\/\">https:\/\/shop.driveinpaint.com\/<\/a><\/p>    <\/div>\n<\/div>\n<!-- \/module text --><!-- module image -->\n<div  class=\"module module-image tb_an8s404   image-top tf_mw\" data-lazy=\"1\">\n        <div class=\"image-wrap tf_rel tf_mw\">\n\t\t    <img loading=\"lazy\" decoding=\"async\" width=\"153\" height=\"174\" src=\"https:\/\/driveinpaint.com\/wp-content\/uploads\/2022\/03\/BestOFBoston2022.png\" class=\"wp-post-image wp-image-28581\" title=\"BestOFBoston2022\" alt=\"BestOFBoston2022\">\t\n\t\t<\/div>\n\t<!-- \/image-wrap -->\n    \n    \t<\/div>\n<!-- \/module image -->                    <\/div>\n                            <\/div>\n                        <div  data-lazy=\"1\" class=\"module_column tb-column col4-2 tb_5go0954 last\">\n                                                        <div class=\"tb-column-inner tf_box tf_w\">\n                        <!-- module image -->\n<div  class=\"module module-image tb_luv6907   image-top tf_mw\" data-lazy=\"1\">\n        <div class=\"image-wrap tf_rel tf_mw\">\n\t\t    <img loading=\"lazy\" decoding=\"async\" width=\"640\" height=\"480\" src=\"https:\/\/driveinpaint.com\/wp-content\/uploads\/2022\/05\/IMG_0038.jpg\" class=\"wp-post-image wp-image-28586\" title=\"IMG_0038\" alt=\"IMG_0038\" srcset=\"https:\/\/driveinpaint.com\/wp-content\/uploads\/2022\/05\/IMG_0038.jpg 640w, https:\/\/driveinpaint.com\/wp-content\/uploads\/2022\/05\/IMG_0038-300x225.jpg 300w\" sizes=\"auto, (max-width: 640px) 100vw, 640px\" \/>\t\n\t\t<\/div>\n\t<!-- \/image-wrap -->\n    \n    \t<\/div>\n<!-- \/module image --><!-- module image -->\n<div  class=\"module module-image tb_01x5215   image-top tf_mw\" data-lazy=\"1\">\n        <div class=\"image-wrap tf_rel tf_mw\">\n\t\t    <img loading=\"lazy\" decoding=\"async\" width=\"640\" height=\"480\" src=\"https:\/\/driveinpaint.com\/wp-content\/uploads\/2022\/05\/IMG_0042.jpg\" class=\"wp-post-image wp-image-28590\" title=\"IMG_0042\" alt=\"IMG_0042\" srcset=\"https:\/\/driveinpaint.com\/wp-content\/uploads\/2022\/05\/IMG_0042.jpg 640w, https:\/\/driveinpaint.com\/wp-content\/uploads\/2022\/05\/IMG_0042-300x225.jpg 300w\" sizes=\"auto, (max-width: 640px) 100vw, 640px\" \/>\t\n\t\t<\/div>\n\t<!-- \/image-wrap -->\n    \n    \t<\/div>\n<!-- \/module image -->                    <\/div>\n                            <\/div>\n            \t    <\/div>\n\t    <!-- \/row_inner -->\n\t<\/div>\n\t<!-- \/module_row -->\n\t<\/div>\n<!--\/themify_builder_content-->","protected":false},"excerpt":{"rendered":"<p>Sur de Boston South Boston es un barrio de Boston, MA. Est\u00e1 densamente poblado, con una poblaci\u00f3n hist\u00f3ricamente irlandesa-americana que se ha ido diversificando en los \u00faltimos a\u00f1os al convertirse en una zona popular para vivir para los j\u00f3venes profesionales que trabajan en la ciudad. Con unos 35.000 habitantes, el barrio est\u00e1 lleno de residentes [&hellip;]<\/p>\n","protected":false},"author":12,"featured_media":0,"parent":0,"menu_order":0,"comment_status":"closed","ping_status":"closed","template":"","meta":{"footnotes":""},"class_list":["post-28655","page","type-page","status-publish","hentry","has-post-title","has-post-date","has-post-category","has-post-tag","has-post-comment","has-post-author",""],"yoast_head":"<!-- This site is optimized with the Yoast SEO Premium plugin v27.3 (Yoast SEO v27.4) - https:\/\/yoast.com\/product\/yoast-seo-premium-wordpress\/ -->\n<title>pintura BostonBoston Sur, MA - Drive-In Paint Mart<\/title>\n<meta name=\"description\" content=\"pintura Boston brochas rasquetas tinte Benjamin Moore Boston Cabot Stain papel pintado 5 galones pintura Boston revestimientos murales\" \/>\n<meta name=\"robots\" content=\"index, follow, max-snippet:-1, max-image-preview:large, max-video-preview:-1\" \/>\n<link rel=\"canonical\" href=\"https:\/\/driveinpaint.com\/es\/boston-sur-ma\/\" \/>\n<meta property=\"og:locale\" content=\"es_ES\" \/>\n<meta property=\"og:type\" content=\"article\" \/>\n<meta property=\"og:title\" content=\"Boston Sur, MA\" \/>\n<meta property=\"og:description\" content=\"pintura Boston brochas rasquetas tinte Benjamin Moore Boston Cabot Stain papel pintado 5 galones pintura Boston revestimientos murales\" \/>\n<meta property=\"og:url\" content=\"https:\/\/driveinpaint.com\/es\/boston-sur-ma\/\" \/>\n<meta property=\"og:site_name\" content=\"Drive-In Paint Mart\" \/>\n<meta property=\"article:publisher\" content=\"https:\/\/www.facebook.com\/Drive-In-Paint-Mart-154686967904084\/\" \/>\n<meta property=\"article:modified_time\" content=\"2026-01-20T21:35:46+00:00\" \/>\n<meta property=\"og:image\" content=\"https:\/\/driveinpaint.com\/wp-content\/uploads\/2022\/03\/BestOFBoston2022.png\" \/>\n\t<meta property=\"og:image:width\" content=\"153\" \/>\n\t<meta property=\"og:image:height\" content=\"174\" \/>\n\t<meta property=\"og:image:type\" content=\"image\/png\" \/>\n<meta name=\"twitter:card\" content=\"summary_large_image\" \/>\n<meta name=\"twitter:label1\" content=\"Tiempo de lectura\" \/>\n\t<meta name=\"twitter:data1\" content=\"1 minuto\" \/>\n<script type=\"application\/ld+json\" class=\"yoast-schema-graph\">{\"@context\":\"https:\\\/\\\/schema.org\",\"@graph\":[{\"@type\":\"WebPage\",\"@id\":\"https:\\\/\\\/driveinpaint.com\\\/es\\\/boston-sur-ma\\\/\",\"url\":\"https:\\\/\\\/driveinpaint.com\\\/es\\\/boston-sur-ma\\\/\",\"name\":\"pintura BostonBoston Sur, MA - Drive-In Paint Mart\",\"isPartOf\":{\"@id\":\"https:\\\/\\\/driveinpaint.com\\\/#website\"},\"primaryImageOfPage\":{\"@id\":\"https:\\\/\\\/driveinpaint.com\\\/es\\\/boston-sur-ma\\\/#primaryimage\"},\"image\":{\"@id\":\"https:\\\/\\\/driveinpaint.com\\\/es\\\/boston-sur-ma\\\/#primaryimage\"},\"thumbnailUrl\":\"https:\\\/\\\/driveinpaint.com\\\/wp-content\\\/uploads\\\/2025\\\/09\\\/BM-300x52.png\",\"datePublished\":\"2020-11-01T23:08:09+00:00\",\"dateModified\":\"2026-01-20T21:35:46+00:00\",\"description\":\"pintura Boston brochas rasquetas tinte Benjamin Moore Boston Cabot Stain papel pintado 5 galones pintura Boston revestimientos murales\",\"breadcrumb\":{\"@id\":\"https:\\\/\\\/driveinpaint.com\\\/es\\\/boston-sur-ma\\\/#breadcrumb\"},\"inLanguage\":\"es\",\"potentialAction\":[{\"@type\":\"ReadAction\",\"target\":[\"https:\\\/\\\/driveinpaint.com\\\/es\\\/boston-sur-ma\\\/\"]}]},{\"@type\":\"ImageObject\",\"inLanguage\":\"es\",\"@id\":\"https:\\\/\\\/driveinpaint.com\\\/es\\\/boston-sur-ma\\\/#primaryimage\",\"url\":\"https:\\\/\\\/driveinpaint.com\\\/wp-content\\\/uploads\\\/2025\\\/09\\\/BM-300x52.png\",\"contentUrl\":\"https:\\\/\\\/driveinpaint.com\\\/wp-content\\\/uploads\\\/2025\\\/09\\\/BM-300x52.png\"},{\"@type\":\"BreadcrumbList\",\"@id\":\"https:\\\/\\\/driveinpaint.com\\\/es\\\/boston-sur-ma\\\/#breadcrumb\",\"itemListElement\":[{\"@type\":\"ListItem\",\"position\":1,\"name\":\"Home\",\"item\":\"https:\\\/\\\/driveinpaint.com\\\/es\\\/inicio\\\/\"},{\"@type\":\"ListItem\",\"position\":2,\"name\":\"Boston Sur, MA\"}]},{\"@type\":\"WebSite\",\"@id\":\"https:\\\/\\\/driveinpaint.com\\\/#website\",\"url\":\"https:\\\/\\\/driveinpaint.com\\\/\",\"name\":\"Drive-In Paint Mart\",\"description\":\"\",\"publisher\":{\"@id\":\"https:\\\/\\\/driveinpaint.com\\\/#organization\"},\"potentialAction\":[{\"@type\":\"SearchAction\",\"target\":{\"@type\":\"EntryPoint\",\"urlTemplate\":\"https:\\\/\\\/driveinpaint.com\\\/?s={search_term_string}\"},\"query-input\":{\"@type\":\"PropertyValueSpecification\",\"valueRequired\":true,\"valueName\":\"search_term_string\"}}],\"inLanguage\":\"es\"},{\"@type\":\"Organization\",\"@id\":\"https:\\\/\\\/driveinpaint.com\\\/#organization\",\"name\":\"Drive In Paint Mart\",\"url\":\"https:\\\/\\\/driveinpaint.com\\\/\",\"logo\":{\"@type\":\"ImageObject\",\"inLanguage\":\"es\",\"@id\":\"https:\\\/\\\/driveinpaint.com\\\/#\\\/schema\\\/logo\\\/image\\\/\",\"url\":\"https:\\\/\\\/driveinpaint.com\\\/wp-content\\\/uploads\\\/2020\\\/03\\\/drive-in-paint-logo.png\",\"contentUrl\":\"https:\\\/\\\/driveinpaint.com\\\/wp-content\\\/uploads\\\/2020\\\/03\\\/drive-in-paint-logo.png\",\"width\":366,\"height\":113,\"caption\":\"Drive In Paint Mart\"},\"image\":{\"@id\":\"https:\\\/\\\/driveinpaint.com\\\/#\\\/schema\\\/logo\\\/image\\\/\"},\"sameAs\":[\"https:\\\/\\\/www.facebook.com\\\/Drive-In-Paint-Mart-154686967904084\\\/\"]}]}<\/script>\n<!-- \/ Yoast SEO Premium plugin. -->","yoast_head_json":{"title":"pintura BostonBoston Sur, MA - Drive-In Paint Mart","description":"pintura Boston brochas rasquetas tinte Benjamin Moore Boston Cabot Stain papel pintado 5 galones pintura Boston revestimientos murales","robots":{"index":"index","follow":"follow","max-snippet":"max-snippet:-1","max-image-preview":"max-image-preview:large","max-video-preview":"max-video-preview:-1"},"canonical":"https:\/\/driveinpaint.com\/es\/boston-sur-ma\/","og_locale":"es_ES","og_type":"article","og_title":"Boston Sur, MA","og_description":"pintura Boston brochas rasquetas tinte Benjamin Moore Boston Cabot Stain papel pintado 5 galones pintura Boston revestimientos murales","og_url":"https:\/\/driveinpaint.com\/es\/boston-sur-ma\/","og_site_name":"Drive-In Paint Mart","article_publisher":"https:\/\/www.facebook.com\/Drive-In-Paint-Mart-154686967904084\/","article_modified_time":"2026-01-20T21:35:46+00:00","og_image":[{"width":153,"height":174,"url":"https:\/\/driveinpaint.com\/wp-content\/uploads\/2022\/03\/BestOFBoston2022.png","type":"image\/png"}],"twitter_card":"summary_large_image","twitter_misc":{"Tiempo de lectura":"1 minuto"},"schema":{"@context":"https:\/\/schema.org","@graph":[{"@type":"WebPage","@id":"https:\/\/driveinpaint.com\/es\/boston-sur-ma\/","url":"https:\/\/driveinpaint.com\/es\/boston-sur-ma\/","name":"pintura BostonBoston Sur, MA - Drive-In Paint Mart","isPartOf":{"@id":"https:\/\/driveinpaint.com\/#website"},"primaryImageOfPage":{"@id":"https:\/\/driveinpaint.com\/es\/boston-sur-ma\/#primaryimage"},"image":{"@id":"https:\/\/driveinpaint.com\/es\/boston-sur-ma\/#primaryimage"},"thumbnailUrl":"https:\/\/driveinpaint.com\/wp-content\/uploads\/2025\/09\/BM-300x52.png","datePublished":"2020-11-01T23:08:09+00:00","dateModified":"2026-01-20T21:35:46+00:00","description":"pintura Boston brochas rasquetas tinte Benjamin Moore Boston Cabot Stain papel pintado 5 galones pintura Boston revestimientos murales","breadcrumb":{"@id":"https:\/\/driveinpaint.com\/es\/boston-sur-ma\/#breadcrumb"},"inLanguage":"es","potentialAction":[{"@type":"ReadAction","target":["https:\/\/driveinpaint.com\/es\/boston-sur-ma\/"]}]},{"@type":"ImageObject","inLanguage":"es","@id":"https:\/\/driveinpaint.com\/es\/boston-sur-ma\/#primaryimage","url":"https:\/\/driveinpaint.com\/wp-content\/uploads\/2025\/09\/BM-300x52.png","contentUrl":"https:\/\/driveinpaint.com\/wp-content\/uploads\/2025\/09\/BM-300x52.png"},{"@type":"BreadcrumbList","@id":"https:\/\/driveinpaint.com\/es\/boston-sur-ma\/#breadcrumb","itemListElement":[{"@type":"ListItem","position":1,"name":"Home","item":"https:\/\/driveinpaint.com\/es\/inicio\/"},{"@type":"ListItem","position":2,"name":"Boston Sur, MA"}]},{"@type":"WebSite","@id":"https:\/\/driveinpaint.com\/#website","url":"https:\/\/driveinpaint.com\/","name":"Drive-In Paint Mart","description":"","publisher":{"@id":"https:\/\/driveinpaint.com\/#organization"},"potentialAction":[{"@type":"SearchAction","target":{"@type":"EntryPoint","urlTemplate":"https:\/\/driveinpaint.com\/?s={search_term_string}"},"query-input":{"@type":"PropertyValueSpecification","valueRequired":true,"valueName":"search_term_string"}}],"inLanguage":"es"},{"@type":"Organization","@id":"https:\/\/driveinpaint.com\/#organization","name":"Drive In Paint Mart","url":"https:\/\/driveinpaint.com\/","logo":{"@type":"ImageObject","inLanguage":"es","@id":"https:\/\/driveinpaint.com\/#\/schema\/logo\/image\/","url":"https:\/\/driveinpaint.com\/wp-content\/uploads\/2020\/03\/drive-in-paint-logo.png","contentUrl":"https:\/\/driveinpaint.com\/wp-content\/uploads\/2020\/03\/drive-in-paint-logo.png","width":366,"height":113,"caption":"Drive In Paint Mart"},"image":{"@id":"https:\/\/driveinpaint.com\/#\/schema\/logo\/image\/"},"sameAs":["https:\/\/www.facebook.com\/Drive-In-Paint-Mart-154686967904084\/"]}]}},"builder_content":"<h1 style=\"text-align: center;\"><a href=\"https:\/\/driveinpaint.com\/wp-content\/uploads\/2025\/09\/BM.png\"><img loading=\"lazy\" decoding=\"async\" src=\"https:\/\/driveinpaint.com\/wp-content\/uploads\/2025\/09\/BM-300x52.png\" alt=\"\" width=\"300\" height=\"52\" srcset=\"https:\/\/driveinpaint.com\/wp-content\/uploads\/2025\/09\/BM-300x52.png 300w, https:\/\/driveinpaint.com\/wp-content\/uploads\/2025\/09\/BM-1024x177.png 1024w, https:\/\/driveinpaint.com\/wp-content\/uploads\/2025\/09\/BM-768x132.png 768w, https:\/\/driveinpaint.com\/wp-content\/uploads\/2025\/09\/BM-1536x265.png 1536w, https:\/\/driveinpaint.com\/wp-content\/uploads\/2025\/09\/BM-24x4.png 24w, https:\/\/driveinpaint.com\/wp-content\/uploads\/2025\/09\/BM-36x6.png 36w, https:\/\/driveinpaint.com\/wp-content\/uploads\/2025\/09\/BM-48x8.png 48w, https:\/\/driveinpaint.com\/wp-content\/uploads\/2025\/09\/BM.png 1624w\" sizes=\"auto, (max-width: 300px) 100vw, 300px\" \/><\/a><br>Sur de Boston<\/h1> <p style=\"text-align: left;\">South Boston es un barrio de Boston, MA. Est\u00e1 densamente poblado, con una poblaci\u00f3n hist\u00f3ricamente irlandesa-americana que se ha ido diversificando en los \u00faltimos a\u00f1os al convertirse en una zona popular para vivir para los j\u00f3venes profesionales que trabajan en la ciudad. Con unos 35.000 habitantes, el barrio est\u00e1 lleno de residentes que necesitan nuestros servicios de remodelaci\u00f3n exterior. Llevamos transformando casas en la zona de South Boston desde 1957.<\/p> <p style=\"text-align: left;\">La pintura y los productos de pintura como Benjamin Moore tienen una gran demanda debido a la antig\u00fcedad de la ciudad y, por tanto, de los edificios, tanto comerciales como residenciales. Los revestimientos de paredes y los tratamientos y modas para ventanas, como persianas, contraventanas y estores, tambi\u00e9n tienen una gran demanda: pintura Boston. <\/p> <p style=\"text-align: left;\">Regala <a href=\"http:\/\/driveinpaint.com\">Paint Mart<\/a> \u00a1hoy mismo! <\/p> <h1>617-464-1263<\/h1> <p>Ir a Benjamin Moore directo <a href=\"https:\/\/shop.driveinpaint.com\/\">https:\/\/shop.driveinpaint.com\/<\/a><\/p>\n<img src=\"https:\/\/driveinpaint.com\/wp-content\/uploads\/2022\/03\/BestOFBoston2022.png\" title=\"BestOFBoston2022\" alt=\"BestOFBoston2022\">\n<img src=\"https:\/\/driveinpaint.com\/wp-content\/uploads\/2022\/05\/IMG_0038.jpg\" title=\"IMG_0038\" alt=\"IMG_0038\" srcset=\"https:\/\/driveinpaint.com\/wp-content\/uploads\/2022\/05\/IMG_0038.jpg 640w, https:\/\/driveinpaint.com\/wp-content\/uploads\/2022\/05\/IMG_0038-300x225.jpg 300w\" sizes=\"(max-width: 640px) 100vw, 640px\" \/>\n<img src=\"https:\/\/driveinpaint.com\/wp-content\/uploads\/2022\/05\/IMG_0042.jpg\" title=\"IMG_0042\" alt=\"IMG_0042\" srcset=\"https:\/\/driveinpaint.com\/wp-content\/uploads\/2022\/05\/IMG_0042.jpg 640w, https:\/\/driveinpaint.com\/wp-content\/uploads\/2022\/05\/IMG_0042-300x225.jpg 300w\" sizes=\"(max-width: 640px) 100vw, 640px\" \/>","_links":{"self":[{"href":"https:\/\/driveinpaint.com\/es\/wp-json\/wp\/v2\/pages\/28655","targetHints":{"allow":["GET"]}}],"collection":[{"href":"https:\/\/driveinpaint.com\/es\/wp-json\/wp\/v2\/pages"}],"about":[{"href":"https:\/\/driveinpaint.com\/es\/wp-json\/wp\/v2\/types\/page"}],"author":[{"embeddable":true,"href":"https:\/\/driveinpaint.com\/es\/wp-json\/wp\/v2\/users\/12"}],"replies":[{"embeddable":true,"href":"https:\/\/driveinpaint.com\/es\/wp-json\/wp\/v2\/comments?post=28655"}],"version-history":[{"count":2,"href":"https:\/\/driveinpaint.com\/es\/wp-json\/wp\/v2\/pages\/28655\/revisions"}],"predecessor-version":[{"id":29618,"href":"https:\/\/driveinpaint.com\/es\/wp-json\/wp\/v2\/pages\/28655\/revisions\/29618"}],"wp:attachment":[{"href":"https:\/\/driveinpaint.com\/es\/wp-json\/wp\/v2\/media?parent=28655"}],"curies":[{"name":"wp","href":"https:\/\/api.w.org\/{rel}","templated":true}]}}