{"id":28695,"date":"2023-05-26T16:49:12","date_gmt":"2023-05-26T20:49:12","guid":{"rendered":"https:\/\/driveinpaint.com\/pintar-brookline-ma\/"},"modified":"2025-03-08T13:36:25","modified_gmt":"2025-03-08T18:36:25","slug":"pintar-brookline-ma","status":"publish","type":"page","link":"https:\/\/driveinpaint.com\/es\/pintar-brookline-ma\/","title":{"rendered":"Pintar Brookline MA"},"content":{"rendered":"<!--themify_builder_content-->\n<div id=\"themify_builder_content-28695\" data-postid=\"28695\" class=\"themify_builder_content themify_builder_content-28695 themify_builder tf_clear\">\n    \t\t\t<!-- module_row -->\n\t<div  data-lazy=\"1\" class=\"module_row themify_builder_row tb_tcwt160 tb_first tf_w tf_clearfix\">\n\t    \t\t\t<div class=\"row_inner col_align_top tb_col_count_2 tf_box tf_rel\">\n\t\t            <div  data-lazy=\"1\" class=\"module_column tb-column col4-2 tb_4awe991 first\">\n                                                        <div class=\"tb-column-inner tf_box tf_w\">\n                        <!-- module text -->\n<div  class=\"module module-text tb_ft6p115   \" data-lazy=\"1\">\n        <div  class=\"tb_text_wrap\">\n    <h1 style=\"text-align: center;\">Pintura -Brookline, MA<\/h1>\n<p>Nuestro equipo est\u00e1 encantado de poder ofrecer productos y servicios de calidad a la comunidad de Brookline, MA. Brookline, MA, es una animada comunidad situada a s\u00f3lo 8 km al oeste del centro de Boston, y a unos 32 km al norte de nuestra base en Dorchester. Brookline es un animado suburbio de la ciudad, situado lo suficientemente lejos como para escapar del ritmo de Boston, pero lo suficientemente cerca como para desplazarse f\u00e1cilmente. Brookline fue colonizado por primera vez por colonos europeos a principios del siglo XVII, antes de constituirse como ciudad propia en 1705. Hoy en d\u00eda, Brookline es la ciudad m\u00e1s poblada de Massachusetts que sigue teniendo un sistema de gobierno municipal. Brookline fue tambi\u00e9n el lugar de nacimiento de John F. Kennedy, \u00a1adem\u00e1s de otros muchos residentes notables! Si te interesa saber m\u00e1s sobre nuestras pinturas, suministros de pintura, revestimientos murales, cortinas para ventanas y tratamientos para los barrios de Boston y Brookline, visita nuestro sitio web principal a trav\u00e9s del enlace que aparece a continuaci\u00f3n para obtener m\u00e1s informaci\u00f3n, o mejor a\u00fan, p\u00e1sate por aqu\u00ed, tenemos un mont\u00f3n de ideas geniales y experiencia para conseguir que \u00a1WOW!<\/p>\n<p class=\"p1\" style=\"text-align: left;\"><span class=\"s1\">Regala <\/span><span class=\"s2\" style=\"color: #ff0000;\"><a href=\"https:\/\/driveinpaint.com\" target=\"_blank\" rel=\"noopener\">Pintura de autocine<\/a><\/span><span class=\"s1\"> una llamada \u00a1Hoy! 617-436-3100 <\/span><\/p>\n<p style=\"text-align: left;\">Con una poblaci\u00f3n de 63.370 habitantes en el censo de 2020, y residentes repartidos en 26.300 hogares, \u00a1hay muchos residentes de Brookline, MA, que necesitan nuestros servicios de remodelaci\u00f3n! Y si quieres saber m\u00e1s sobre nuestros servicios, ponte en contacto con nuestro equipo hoy mismo para obtener m\u00e1s informaci\u00f3n.<\/p>\n<p class=\"p1\" style=\"text-align: left;\"><span class=\"s1\">Visita <\/span><a href=\"https:\/\/driveinpaint.com\"><span class=\"s2\" style=\"color: #ff0000;\">P\u00e1gina de inicio de Drive In Paint<\/span><\/a> o<span class=\"s1\"> \u00a1llama hoy! 617-436-3100 <\/span><\/p>\n<p style=\"text-align: left;\">Pintura y productos de pintura <span style=\"text-align: center; background-color: initial; font-size: 1em;\">como Benjamin Moore<\/span> <span style=\"background-color: initial; font-size: 1em;\">tienen una gran demanda debido a la antig\u00fcedad de la ciudad y, por tanto, a la antig\u00fcedad de los edificios, tanto comerciales como residenciales. Los revestimientos de paredes, as\u00ed como los tratamientos y modas para ventanas, como persianas, contraventanas y estores, tambi\u00e9n tienen una gran demanda: pinta Brookline. Y pintar tanto para necesidades comerciales como residenciales es lo que hacemos con nuestra tienda en 705 Gallivan Blvd, Dorchester, o en Dedham en 520 Providence Hwy. Tambi\u00e9n como recordatorio, p\u00e1sate por m\u00e1s <\/span><span class=\"s1\" style=\"background-color: initial; font-size: 1em;\">consejos, sugerencias e instrucciones: <a href=\"https:\/\/driveinpaint.com\/news-tips\/\"><span class=\"s2\">https:\/\/driveinpaint.com\/news-tips\/<\/span><\/a><\/span><\/p>\n<p style=\"text-align: left;\">Ya sean residenciales o comerciales, los edificios necesitan pintura y Drive In Paint en Dorchester y Dedham es tu mejor opci\u00f3n como lugar para todas tus necesidades, incluido el asesoramiento y la direcci\u00f3n de m\u00e1s expertos.<\/p>\n<p>Pintar Dorchester &#8211; La pintura y los productos de pintura tienen una gran demanda debido a la antig\u00fcedad de la ciudad y, por tanto, de los edificios, tanto comerciales como residenciales. Y los revestimientos murales, as\u00ed como los tratamientos de ventanas y las modas para ventanas, como persianas, contraventanas y estores, tambi\u00e9n tienen una gran demanda.<\/p>\n<p>Debido a la avanzada edad de estas viviendas y negocios comerciales, la necesidad inherente de pintar, repintar, guarnecidos, revestimientos, ventanas y puertas en estas comunidades es y seguir\u00e1 siendo un proceso continuo de gran demanda.<\/p>    <\/div>\n<\/div>\n<!-- \/module text --><!-- module image -->\n<div  class=\"module module-image tb_7a0e994   image-top tf_mw\" data-lazy=\"1\">\n        <div class=\"image-wrap tf_rel tf_mw\">\n\t\t    <img loading=\"lazy\" decoding=\"async\" width=\"153\" height=\"174\" src=\"https:\/\/driveinpaint.com\/wp-content\/uploads\/2022\/03\/BestOFBoston2022.png\" class=\"wp-post-image wp-image-28581\" title=\"BestOFBoston2022\" alt=\"BestOFBoston2022\">\t\n\t\t<\/div>\n\t<!-- \/image-wrap -->\n    \n    \t<\/div>\n<!-- \/module image -->                    <\/div>\n                            <\/div>\n                        <div  data-lazy=\"1\" class=\"module_column tb-column col4-2 tb_skzx956 last\">\n                                                        <div class=\"tb-column-inner tf_box tf_w\">\n                        <!-- module image -->\n<div  class=\"module module-image tb_qsup931   image-top tf_mw\" data-lazy=\"1\">\n        <div class=\"image-wrap tf_rel tf_mw\">\n\t\t    <img loading=\"lazy\" decoding=\"async\" width=\"640\" height=\"480\" src=\"https:\/\/driveinpaint.com\/wp-content\/uploads\/2022\/05\/IMG_0039.jpg\" class=\"wp-post-image wp-image-28587\" title=\"IMG_0039\" alt=\"IMG_0039\" srcset=\"https:\/\/driveinpaint.com\/wp-content\/uploads\/2022\/05\/IMG_0039.jpg 640w, https:\/\/driveinpaint.com\/wp-content\/uploads\/2022\/05\/IMG_0039-300x225.jpg 300w\" sizes=\"auto, (max-width: 640px) 100vw, 640px\" \/>\t\n\t\t<\/div>\n\t<!-- \/image-wrap -->\n    \n    \t<\/div>\n<!-- \/module image --><!-- module image -->\n<div  class=\"module module-image tb_v64x661   image-top tf_mw\" data-lazy=\"1\">\n        <div class=\"image-wrap tf_rel tf_mw\">\n\t\t    <img loading=\"lazy\" decoding=\"async\" width=\"640\" height=\"480\" src=\"https:\/\/driveinpaint.com\/wp-content\/uploads\/2022\/05\/IMG_0035.jpg\" class=\"wp-post-image wp-image-28583\" title=\"IMG_0035\" alt=\"IMG_0035\" srcset=\"https:\/\/driveinpaint.com\/wp-content\/uploads\/2022\/05\/IMG_0035.jpg 640w, https:\/\/driveinpaint.com\/wp-content\/uploads\/2022\/05\/IMG_0035-300x225.jpg 300w\" sizes=\"auto, (max-width: 640px) 100vw, 640px\" \/>\t\n\t\t<\/div>\n\t<!-- \/image-wrap -->\n    \n    \t<\/div>\n<!-- \/module image --><!-- module image -->\n<div  class=\"module module-image tb_jilu296   image-top tf_mw\" data-lazy=\"1\">\n        <div class=\"image-wrap tf_rel tf_mw\">\n\t\t    <img loading=\"lazy\" decoding=\"async\" width=\"640\" height=\"480\" src=\"https:\/\/driveinpaint.com\/wp-content\/uploads\/2022\/05\/IMG_0042.jpg\" class=\"wp-post-image wp-image-28590\" title=\"IMG_0042\" alt=\"IMG_0042\" srcset=\"https:\/\/driveinpaint.com\/wp-content\/uploads\/2022\/05\/IMG_0042.jpg 640w, https:\/\/driveinpaint.com\/wp-content\/uploads\/2022\/05\/IMG_0042-300x225.jpg 300w\" sizes=\"auto, (max-width: 640px) 100vw, 640px\" \/>\t\n\t\t<\/div>\n\t<!-- \/image-wrap -->\n    \n    \t<\/div>\n<!-- \/module image --><!-- module image -->\n<div  class=\"module module-image tb_xsi0554   image-top tf_mw\" data-lazy=\"1\">\n        <div class=\"image-wrap tf_rel tf_mw\">\n\t\t    <img loading=\"lazy\" decoding=\"async\" width=\"640\" height=\"480\" src=\"https:\/\/driveinpaint.com\/wp-content\/uploads\/2022\/05\/IMG_0036.jpg\" class=\"wp-post-image wp-image-28584\" title=\"IMG_0036\" alt=\"IMG_0036\" srcset=\"https:\/\/driveinpaint.com\/wp-content\/uploads\/2022\/05\/IMG_0036.jpg 640w, https:\/\/driveinpaint.com\/wp-content\/uploads\/2022\/05\/IMG_0036-300x225.jpg 300w\" sizes=\"auto, (max-width: 640px) 100vw, 640px\" \/>\t\n\t\t<\/div>\n\t<!-- \/image-wrap -->\n    \n    \t<\/div>\n<!-- \/module image --><!-- module image -->\n<div  class=\"module module-image tb_kni6566   image-top tf_mw\" data-lazy=\"1\">\n        <div class=\"image-wrap tf_rel tf_mw\">\n\t\t    <img loading=\"lazy\" decoding=\"async\" width=\"640\" height=\"480\" src=\"https:\/\/driveinpaint.com\/wp-content\/uploads\/2022\/05\/IMG_0041.jpg\" class=\"wp-post-image wp-image-28589\" title=\"IMG_0041\" alt=\"IMG_0041\" srcset=\"https:\/\/driveinpaint.com\/wp-content\/uploads\/2022\/05\/IMG_0041.jpg 640w, https:\/\/driveinpaint.com\/wp-content\/uploads\/2022\/05\/IMG_0041-300x225.jpg 300w\" sizes=\"auto, (max-width: 640px) 100vw, 640px\" \/>\t\n\t\t<\/div>\n\t<!-- \/image-wrap -->\n    \n    \t<\/div>\n<!-- \/module image -->                    <\/div>\n                            <\/div>\n            \t    <\/div>\n\t    <!-- \/row_inner -->\n\t<\/div>\n\t<!-- \/module_row -->\n\t<\/div>\n<!--\/themify_builder_content-->","protected":false},"excerpt":{"rendered":"<p>Pintura -Brookline, MA Nuestro equipo est\u00e1 encantado de poder ofrecer productos y servicios de calidad a la comunidad de Brookline, MA. Brookline, MA, es una animada comunidad situada a s\u00f3lo 8 km al oeste del centro de Boston, y a unos 32 km al norte de nuestra base en Dorchester. Brookline es un animado suburbio [&hellip;]<\/p>\n","protected":false},"author":12,"featured_media":0,"parent":0,"menu_order":0,"comment_status":"closed","ping_status":"closed","template":"","meta":{"footnotes":""},"class_list":["post-28695","page","type-page","status-publish","hentry","has-post-title","has-post-date","has-post-category","has-post-tag","has-post-comment","has-post-author",""],"yoast_head":"<!-- This site is optimized with the Yoast SEO Premium plugin v27.3 (Yoast SEO v27.4) - https:\/\/yoast.com\/product\/yoast-seo-premium-wordpress\/ -->\n<title>Pintar Brookline MA - Drive-In Paint Mart pintar cant\u00f3n<\/title>\n<meta name=\"description\" content=\"pintar canton pintar boston dedham pintor de papel pintado edificios antiguos pinceles pintura tintes cubos canton papel pintado tonos\" \/>\n<meta name=\"robots\" content=\"index, follow, max-snippet:-1, max-image-preview:large, max-video-preview:-1\" \/>\n<link rel=\"canonical\" href=\"https:\/\/driveinpaint.com\/es\/pintar-brookline-ma\/\" \/>\n<meta property=\"og:locale\" content=\"es_ES\" \/>\n<meta property=\"og:type\" content=\"article\" \/>\n<meta property=\"og:title\" content=\"Pintar Brookline MA\" \/>\n<meta property=\"og:description\" content=\"pintar canton pintar boston dedham pintor de papel pintado edificios antiguos pinceles pintura tintes cubos canton papel pintado tonos\" \/>\n<meta property=\"og:url\" content=\"https:\/\/driveinpaint.com\/es\/pintar-brookline-ma\/\" \/>\n<meta property=\"og:site_name\" content=\"Drive-In Paint Mart\" \/>\n<meta property=\"article:publisher\" content=\"https:\/\/www.facebook.com\/Drive-In-Paint-Mart-154686967904084\/\" \/>\n<meta property=\"article:modified_time\" content=\"2025-03-08T18:36:25+00:00\" \/>\n<meta property=\"og:image\" content=\"https:\/\/driveinpaint.com\/wp-content\/uploads\/2022\/03\/BestOFBoston2022.png\" \/>\n\t<meta property=\"og:image:width\" content=\"153\" \/>\n\t<meta property=\"og:image:height\" content=\"174\" \/>\n\t<meta property=\"og:image:type\" content=\"image\/png\" \/>\n<meta name=\"twitter:card\" content=\"summary_large_image\" \/>\n<meta name=\"twitter:label1\" content=\"Tiempo de lectura\" \/>\n\t<meta name=\"twitter:data1\" content=\"3 minutos\" \/>\n<script type=\"application\/ld+json\" class=\"yoast-schema-graph\">{\"@context\":\"https:\\\/\\\/schema.org\",\"@graph\":[{\"@type\":\"WebPage\",\"@id\":\"https:\\\/\\\/driveinpaint.com\\\/es\\\/pintar-brookline-ma\\\/\",\"url\":\"https:\\\/\\\/driveinpaint.com\\\/es\\\/pintar-brookline-ma\\\/\",\"name\":\"Pintar Brookline MA - Drive-In Paint Mart pintar cant\u00f3n\",\"isPartOf\":{\"@id\":\"https:\\\/\\\/driveinpaint.com\\\/#website\"},\"primaryImageOfPage\":{\"@id\":\"https:\\\/\\\/driveinpaint.com\\\/es\\\/pintar-brookline-ma\\\/#primaryimage\"},\"image\":{\"@id\":\"https:\\\/\\\/driveinpaint.com\\\/es\\\/pintar-brookline-ma\\\/#primaryimage\"},\"thumbnailUrl\":\"https:\\\/\\\/driveinpaint.com\\\/wp-content\\\/uploads\\\/2022\\\/03\\\/BestOFBoston2022.png\",\"datePublished\":\"2023-05-26T20:49:12+00:00\",\"dateModified\":\"2025-03-08T18:36:25+00:00\",\"description\":\"pintar canton pintar boston dedham pintor de papel pintado edificios antiguos pinceles pintura tintes cubos canton papel pintado tonos\",\"breadcrumb\":{\"@id\":\"https:\\\/\\\/driveinpaint.com\\\/es\\\/pintar-brookline-ma\\\/#breadcrumb\"},\"inLanguage\":\"es\",\"potentialAction\":[{\"@type\":\"ReadAction\",\"target\":[\"https:\\\/\\\/driveinpaint.com\\\/es\\\/pintar-brookline-ma\\\/\"]}]},{\"@type\":\"ImageObject\",\"inLanguage\":\"es\",\"@id\":\"https:\\\/\\\/driveinpaint.com\\\/es\\\/pintar-brookline-ma\\\/#primaryimage\",\"url\":\"https:\\\/\\\/driveinpaint.com\\\/wp-content\\\/uploads\\\/2022\\\/03\\\/BestOFBoston2022.png\",\"contentUrl\":\"https:\\\/\\\/driveinpaint.com\\\/wp-content\\\/uploads\\\/2022\\\/03\\\/BestOFBoston2022.png\"},{\"@type\":\"BreadcrumbList\",\"@id\":\"https:\\\/\\\/driveinpaint.com\\\/es\\\/pintar-brookline-ma\\\/#breadcrumb\",\"itemListElement\":[{\"@type\":\"ListItem\",\"position\":1,\"name\":\"Home\",\"item\":\"https:\\\/\\\/driveinpaint.com\\\/es\\\/inicio\\\/\"},{\"@type\":\"ListItem\",\"position\":2,\"name\":\"Pintar Brookline MA\"}]},{\"@type\":\"WebSite\",\"@id\":\"https:\\\/\\\/driveinpaint.com\\\/#website\",\"url\":\"https:\\\/\\\/driveinpaint.com\\\/\",\"name\":\"Drive-In Paint Mart\",\"description\":\"\",\"publisher\":{\"@id\":\"https:\\\/\\\/driveinpaint.com\\\/#organization\"},\"potentialAction\":[{\"@type\":\"SearchAction\",\"target\":{\"@type\":\"EntryPoint\",\"urlTemplate\":\"https:\\\/\\\/driveinpaint.com\\\/?s={search_term_string}\"},\"query-input\":{\"@type\":\"PropertyValueSpecification\",\"valueRequired\":true,\"valueName\":\"search_term_string\"}}],\"inLanguage\":\"es\"},{\"@type\":\"Organization\",\"@id\":\"https:\\\/\\\/driveinpaint.com\\\/#organization\",\"name\":\"Drive In Paint Mart\",\"url\":\"https:\\\/\\\/driveinpaint.com\\\/\",\"logo\":{\"@type\":\"ImageObject\",\"inLanguage\":\"es\",\"@id\":\"https:\\\/\\\/driveinpaint.com\\\/#\\\/schema\\\/logo\\\/image\\\/\",\"url\":\"https:\\\/\\\/driveinpaint.com\\\/wp-content\\\/uploads\\\/2020\\\/03\\\/drive-in-paint-logo.png\",\"contentUrl\":\"https:\\\/\\\/driveinpaint.com\\\/wp-content\\\/uploads\\\/2020\\\/03\\\/drive-in-paint-logo.png\",\"width\":366,\"height\":113,\"caption\":\"Drive In Paint Mart\"},\"image\":{\"@id\":\"https:\\\/\\\/driveinpaint.com\\\/#\\\/schema\\\/logo\\\/image\\\/\"},\"sameAs\":[\"https:\\\/\\\/www.facebook.com\\\/Drive-In-Paint-Mart-154686967904084\\\/\"]}]}<\/script>\n<!-- \/ Yoast SEO Premium plugin. -->","yoast_head_json":{"title":"Pintar Brookline MA - Drive-In Paint Mart pintar cant\u00f3n","description":"pintar canton pintar boston dedham pintor de papel pintado edificios antiguos pinceles pintura tintes cubos canton papel pintado tonos","robots":{"index":"index","follow":"follow","max-snippet":"max-snippet:-1","max-image-preview":"max-image-preview:large","max-video-preview":"max-video-preview:-1"},"canonical":"https:\/\/driveinpaint.com\/es\/pintar-brookline-ma\/","og_locale":"es_ES","og_type":"article","og_title":"Pintar Brookline MA","og_description":"pintar canton pintar boston dedham pintor de papel pintado edificios antiguos pinceles pintura tintes cubos canton papel pintado tonos","og_url":"https:\/\/driveinpaint.com\/es\/pintar-brookline-ma\/","og_site_name":"Drive-In Paint Mart","article_publisher":"https:\/\/www.facebook.com\/Drive-In-Paint-Mart-154686967904084\/","article_modified_time":"2025-03-08T18:36:25+00:00","og_image":[{"width":153,"height":174,"url":"https:\/\/driveinpaint.com\/wp-content\/uploads\/2022\/03\/BestOFBoston2022.png","type":"image\/png"}],"twitter_card":"summary_large_image","twitter_misc":{"Tiempo de lectura":"3 minutos"},"schema":{"@context":"https:\/\/schema.org","@graph":[{"@type":"WebPage","@id":"https:\/\/driveinpaint.com\/es\/pintar-brookline-ma\/","url":"https:\/\/driveinpaint.com\/es\/pintar-brookline-ma\/","name":"Pintar Brookline MA - Drive-In Paint Mart pintar cant\u00f3n","isPartOf":{"@id":"https:\/\/driveinpaint.com\/#website"},"primaryImageOfPage":{"@id":"https:\/\/driveinpaint.com\/es\/pintar-brookline-ma\/#primaryimage"},"image":{"@id":"https:\/\/driveinpaint.com\/es\/pintar-brookline-ma\/#primaryimage"},"thumbnailUrl":"https:\/\/driveinpaint.com\/wp-content\/uploads\/2022\/03\/BestOFBoston2022.png","datePublished":"2023-05-26T20:49:12+00:00","dateModified":"2025-03-08T18:36:25+00:00","description":"pintar canton pintar boston dedham pintor de papel pintado edificios antiguos pinceles pintura tintes cubos canton papel pintado tonos","breadcrumb":{"@id":"https:\/\/driveinpaint.com\/es\/pintar-brookline-ma\/#breadcrumb"},"inLanguage":"es","potentialAction":[{"@type":"ReadAction","target":["https:\/\/driveinpaint.com\/es\/pintar-brookline-ma\/"]}]},{"@type":"ImageObject","inLanguage":"es","@id":"https:\/\/driveinpaint.com\/es\/pintar-brookline-ma\/#primaryimage","url":"https:\/\/driveinpaint.com\/wp-content\/uploads\/2022\/03\/BestOFBoston2022.png","contentUrl":"https:\/\/driveinpaint.com\/wp-content\/uploads\/2022\/03\/BestOFBoston2022.png"},{"@type":"BreadcrumbList","@id":"https:\/\/driveinpaint.com\/es\/pintar-brookline-ma\/#breadcrumb","itemListElement":[{"@type":"ListItem","position":1,"name":"Home","item":"https:\/\/driveinpaint.com\/es\/inicio\/"},{"@type":"ListItem","position":2,"name":"Pintar Brookline MA"}]},{"@type":"WebSite","@id":"https:\/\/driveinpaint.com\/#website","url":"https:\/\/driveinpaint.com\/","name":"Drive-In Paint Mart","description":"","publisher":{"@id":"https:\/\/driveinpaint.com\/#organization"},"potentialAction":[{"@type":"SearchAction","target":{"@type":"EntryPoint","urlTemplate":"https:\/\/driveinpaint.com\/?s={search_term_string}"},"query-input":{"@type":"PropertyValueSpecification","valueRequired":true,"valueName":"search_term_string"}}],"inLanguage":"es"},{"@type":"Organization","@id":"https:\/\/driveinpaint.com\/#organization","name":"Drive In Paint Mart","url":"https:\/\/driveinpaint.com\/","logo":{"@type":"ImageObject","inLanguage":"es","@id":"https:\/\/driveinpaint.com\/#\/schema\/logo\/image\/","url":"https:\/\/driveinpaint.com\/wp-content\/uploads\/2020\/03\/drive-in-paint-logo.png","contentUrl":"https:\/\/driveinpaint.com\/wp-content\/uploads\/2020\/03\/drive-in-paint-logo.png","width":366,"height":113,"caption":"Drive In Paint Mart"},"image":{"@id":"https:\/\/driveinpaint.com\/#\/schema\/logo\/image\/"},"sameAs":["https:\/\/www.facebook.com\/Drive-In-Paint-Mart-154686967904084\/"]}]}},"builder_content":"<h1 style=\"text-align: center;\">Pintura -Brookline, MA<\/h1> <p>Nuestro equipo est\u00e1 encantado de poder ofrecer productos y servicios de calidad a la comunidad de Brookline, MA. Brookline, MA, es una animada comunidad situada a s\u00f3lo 8 km al oeste del centro de Boston, y a unos 32 km al norte de nuestra base en Dorchester. Brookline es un animado suburbio de la ciudad, situado lo suficientemente lejos como para escapar del ritmo de Boston, pero lo suficientemente cerca como para desplazarse f\u00e1cilmente. Brookline fue colonizado por primera vez por colonos europeos a principios del siglo XVII, antes de constituirse como ciudad propia en 1705. Hoy en d\u00eda, Brookline es la ciudad m\u00e1s poblada de Massachusetts que sigue teniendo un sistema de gobierno municipal. Brookline fue tambi\u00e9n el lugar de nacimiento de John F. Kennedy, \u00a1adem\u00e1s de otros muchos residentes notables! Si te interesa saber m\u00e1s sobre nuestras pinturas, suministros de pintura, revestimientos murales, cortinas para ventanas y tratamientos para los barrios de Boston y Brookline, visita nuestro sitio web principal a trav\u00e9s del enlace que aparece a continuaci\u00f3n para obtener m\u00e1s informaci\u00f3n, o mejor a\u00fan, p\u00e1sate por aqu\u00ed, tenemos un mont\u00f3n de ideas geniales y experiencia para conseguir que \u00a1WOW!<\/p> <p style=\"text-align: left;\">Regala <a href=\"https:\/\/driveinpaint.com\" target=\"_blank\" rel=\"noopener\">Pintura de autocine<\/a> una llamada \u00a1Hoy! 617-436-3100 <\/p> <p style=\"text-align: left;\">Con una poblaci\u00f3n de 63.370 habitantes en el censo de 2020, y residentes repartidos en 26.300 hogares, \u00a1hay muchos residentes de Brookline, MA, que necesitan nuestros servicios de remodelaci\u00f3n! Y si quieres saber m\u00e1s sobre nuestros servicios, ponte en contacto con nuestro equipo hoy mismo para obtener m\u00e1s informaci\u00f3n.<\/p> <p style=\"text-align: left;\">Visita <a href=\"https:\/\/driveinpaint.com\">P\u00e1gina de inicio de Drive In Paint<\/a> o \u00a1llama hoy! 617-436-3100 <\/p> <p style=\"text-align: left;\">Pintura y productos de pintura como Benjamin Moore tienen una gran demanda debido a la antig\u00fcedad de la ciudad y, por tanto, a la antig\u00fcedad de los edificios, tanto comerciales como residenciales. Los revestimientos de paredes, as\u00ed como los tratamientos y modas para ventanas, como persianas, contraventanas y estores, tambi\u00e9n tienen una gran demanda: pinta Brookline. Y pintar tanto para necesidades comerciales como residenciales es lo que hacemos con nuestra tienda en 705 Gallivan Blvd, Dorchester, o en Dedham en 520 Providence Hwy. Tambi\u00e9n como recordatorio, p\u00e1sate por m\u00e1s consejos, sugerencias e instrucciones: <a href=\"https:\/\/driveinpaint.com\/news-tips\/\">https:\/\/driveinpaint.com\/news-tips\/<\/a><\/p> <p style=\"text-align: left;\">Ya sean residenciales o comerciales, los edificios necesitan pintura y Drive In Paint en Dorchester y Dedham es tu mejor opci\u00f3n como lugar para todas tus necesidades, incluido el asesoramiento y la direcci\u00f3n de m\u00e1s expertos.<\/p> <p>Pintar Dorchester - La pintura y los productos de pintura tienen una gran demanda debido a la antig\u00fcedad de la ciudad y, por tanto, de los edificios, tanto comerciales como residenciales. Y los revestimientos murales, as\u00ed como los tratamientos de ventanas y las modas para ventanas, como persianas, contraventanas y estores, tambi\u00e9n tienen una gran demanda.<\/p> <p>Debido a la avanzada edad de estas viviendas y negocios comerciales, la necesidad inherente de pintar, repintar, guarnecidos, revestimientos, ventanas y puertas en estas comunidades es y seguir\u00e1 siendo un proceso continuo de gran demanda.<\/p>\n<img src=\"https:\/\/driveinpaint.com\/wp-content\/uploads\/2022\/03\/BestOFBoston2022.png\" title=\"BestOFBoston2022\" alt=\"BestOFBoston2022\">\n<img src=\"https:\/\/driveinpaint.com\/wp-content\/uploads\/2022\/05\/IMG_0039.jpg\" title=\"IMG_0039\" alt=\"IMG_0039\" srcset=\"https:\/\/driveinpaint.com\/wp-content\/uploads\/2022\/05\/IMG_0039.jpg 640w, https:\/\/driveinpaint.com\/wp-content\/uploads\/2022\/05\/IMG_0039-300x225.jpg 300w\" sizes=\"(max-width: 640px) 100vw, 640px\" \/>\n<img src=\"https:\/\/driveinpaint.com\/wp-content\/uploads\/2022\/05\/IMG_0035.jpg\" title=\"IMG_0035\" alt=\"IMG_0035\" srcset=\"https:\/\/driveinpaint.com\/wp-content\/uploads\/2022\/05\/IMG_0035.jpg 640w, https:\/\/driveinpaint.com\/wp-content\/uploads\/2022\/05\/IMG_0035-300x225.jpg 300w\" sizes=\"(max-width: 640px) 100vw, 640px\" \/>\n<img src=\"https:\/\/driveinpaint.com\/wp-content\/uploads\/2022\/05\/IMG_0042.jpg\" title=\"IMG_0042\" alt=\"IMG_0042\" srcset=\"https:\/\/driveinpaint.com\/wp-content\/uploads\/2022\/05\/IMG_0042.jpg 640w, https:\/\/driveinpaint.com\/wp-content\/uploads\/2022\/05\/IMG_0042-300x225.jpg 300w\" sizes=\"(max-width: 640px) 100vw, 640px\" \/>\n<img src=\"https:\/\/driveinpaint.com\/wp-content\/uploads\/2022\/05\/IMG_0036.jpg\" title=\"IMG_0036\" alt=\"IMG_0036\" srcset=\"https:\/\/driveinpaint.com\/wp-content\/uploads\/2022\/05\/IMG_0036.jpg 640w, https:\/\/driveinpaint.com\/wp-content\/uploads\/2022\/05\/IMG_0036-300x225.jpg 300w\" sizes=\"(max-width: 640px) 100vw, 640px\" \/>\n<img src=\"https:\/\/driveinpaint.com\/wp-content\/uploads\/2022\/05\/IMG_0041.jpg\" title=\"IMG_0041\" alt=\"IMG_0041\" srcset=\"https:\/\/driveinpaint.com\/wp-content\/uploads\/2022\/05\/IMG_0041.jpg 640w, https:\/\/driveinpaint.com\/wp-content\/uploads\/2022\/05\/IMG_0041-300x225.jpg 300w\" sizes=\"(max-width: 640px) 100vw, 640px\" \/>","_links":{"self":[{"href":"https:\/\/driveinpaint.com\/es\/wp-json\/wp\/v2\/pages\/28695","targetHints":{"allow":["GET"]}}],"collection":[{"href":"https:\/\/driveinpaint.com\/es\/wp-json\/wp\/v2\/pages"}],"about":[{"href":"https:\/\/driveinpaint.com\/es\/wp-json\/wp\/v2\/types\/page"}],"author":[{"embeddable":true,"href":"https:\/\/driveinpaint.com\/es\/wp-json\/wp\/v2\/users\/12"}],"replies":[{"embeddable":true,"href":"https:\/\/driveinpaint.com\/es\/wp-json\/wp\/v2\/comments?post=28695"}],"version-history":[{"count":2,"href":"https:\/\/driveinpaint.com\/es\/wp-json\/wp\/v2\/pages\/28695\/revisions"}],"predecessor-version":[{"id":28752,"href":"https:\/\/driveinpaint.com\/es\/wp-json\/wp\/v2\/pages\/28695\/revisions\/28752"}],"wp:attachment":[{"href":"https:\/\/driveinpaint.com\/es\/wp-json\/wp\/v2\/media?parent=28695"}],"curies":[{"name":"wp","href":"https:\/\/api.w.org\/{rel}","templated":true}]}}